{"id":391,"date":"2023-12-30T13:24:04","date_gmt":"2023-12-30T13:24:04","guid":{"rendered":"https:\/\/laser-taggen.de\/?page_id=391"},"modified":"2023-12-30T13:40:02","modified_gmt":"2023-12-30T13:40:02","slug":"datenschutz","status":"publish","type":"page","link":"https:\/\/lasertag-landau.de\/?page_id=391","title":{"rendered":"Datenschutzerkl\u00e4rung"},"content":{"rendered":"\t\t<div data-elementor-type=\"wp-page\" data-elementor-id=\"391\" class=\"elementor elementor-391\" data-elementor-post-type=\"page\">\n\t\t\t\t<div class=\"elementor-element elementor-element-3f092634 e-flex e-con-boxed e-con e-parent\" data-id=\"3f092634\" data-element_type=\"container\">\n\t\t\t\t\t<div class=\"e-con-inner\">\n\t\t\t\t<div class=\"elementor-element elementor-element-528ef1b0 elementor-invisible elementor-widget elementor-widget-heading\" data-id=\"528ef1b0\" data-element_type=\"widget\" data-settings=\"{&quot;_animation&quot;:&quot;fadeIn&quot;}\" data-widget_type=\"heading.default\">\n\t\t\t\t<div class=\"elementor-widget-container\">\n\t\t\t\t\t<h2 class=\"elementor-heading-title elementor-size-default\">Datenschutzerkl\u00e4rung<\/h2>\t\t\t\t<\/div>\n\t\t\t\t<\/div>\n\t\t\t\t<div class=\"elementor-element elementor-element-a94dcd9 elementor-widget elementor-widget-spacer\" data-id=\"a94dcd9\" data-element_type=\"widget\" data-widget_type=\"spacer.default\">\n\t\t\t\t<div class=\"elementor-widget-container\">\n\t\t\t\t\t\t\t<div class=\"elementor-spacer\">\n\t\t\t<div class=\"elementor-spacer-inner\"><\/div>\n\t\t<\/div>\n\t\t\t\t\t\t<\/div>\n\t\t\t\t<\/div>\n\t\t\t\t<div class=\"elementor-element elementor-element-81033c7 elementor-widget elementor-widget-text-editor\" data-id=\"81033c7\" data-element_type=\"widget\" data-widget_type=\"text-editor.default\">\n\t\t\t\t<div class=\"elementor-widget-container\">\n\t\t\t\t\t\t\t\t\t<p><strong>Anbieter und verantwortliche Stelle im Sinne des Datenschutzgesetzes<\/strong><\/p><p>Lasertag Landau GmbH &amp; Co.KG<br \/>Roland Krakehl<br \/>Karl-Ziegler-Stra\u00dfe 4<br \/>76829\u00a0Landau<\/p><h5>Erfassung allgemeiner Informationen<\/h5><p>Wenn Sie auf unsere Webseite zugreifen, werden automatisch Informationen allgemeiner Natur erfasst. Diese Informationen (Server-Logfiles) beinhalten etwa die Art des Webbrowsers, das verwendete Betriebssystem, den Domainnamen Ihres Internet Service Providers und \u00c4hnliches. Hierbei handelt es sich ausschlie\u00dflich um Informationen, welche keine R\u00fcckschl\u00fcsse auf Ihre Person zulassen. Diese Informationen sind technisch notwendig, um von Ihnen angeforderte Inhalte von Webseiten korrekt auszuliefern und fallen bei Nutzung des Internets zwingend an. Anonyme Informationen dieser Art werden von uns statistisch ausgewertet, um unseren Internetauftritt und die dahinterstehende Technik zu optimieren.<\/p><h5>Cookies<\/h5><p>Wie viele andere Webseiten verwenden wir auch so genannte \u201eCookies\u201c. Cookies sind kleine Textdateien, die von einem Webseitenserver auf Ihre Festplatte \u00fcbertragen werden. Hierdurch erhalten wir automatisch bestimmte Daten wie z. B. IP-Adresse, verwendeter Browser, Betriebssystem \u00fcber Ihren Computer und Ihre Verbindung zum Internet.<\/p><p>Cookies k\u00f6nnen nicht verwendet werden, um Programme zu starten oder Viren auf einen Computer zu \u00fcbertragen. Anhand der in Cookies enthaltenen Informationen k\u00f6nnen wir Ihnen die Navigation erleichtern und die korrekte Anzeige unserer Webseiten erm\u00f6glichen.<\/p><p>In keinem Fall werden die von uns erfassten Daten an Dritte weitergegeben oder ohne Ihre Einwilligung eine Verkn\u00fcpfung mit personenbezogenen Daten hergestellt.<\/p><p>Nat\u00fcrlich k\u00f6nnen Sie unsere Website grunds\u00e4tzlich auch ohne Cookies betrachten. Internet-Browser sind regelm\u00e4\u00dfig so eingestellt, dass sie Cookies akzeptieren. Sie k\u00f6nnen die Verwendung von Cookies jederzeit \u00fcber die Einstellungen Ihres Browsers deaktivieren. Bitte verwenden Sie die Hilfefunktionen Ihres Internetbrowsers, um zu erfahren, wie Sie diese Einstellungen \u00e4ndern k\u00f6nnen. Bitte beachten Sie, dass einzelne Funktionen unserer Website m\u00f6glicherweise nicht funktionieren, wenn Sie die Verwendung von Cookies deaktiviert haben.<\/p><h5>SSL-Verschl\u00fcsselung<\/h5><p>Um die Sicherheit Ihrer Daten bei der \u00dcbertragung zu sch\u00fctzen, verwenden wir dem aktuellen Stand der Technik entsprechende Verschl\u00fcsselungsverfahren (z. B. SSL) \u00fcber HTTPS.<\/p><h5>Newsletter<\/h5><p>Bei der Anmeldung zum Bezug unseres Newsletters werden die von Ihnen angegebenen Daten ausschlie\u00dflich f\u00fcr diesen Zweck verwendet. Abonnenten k\u00f6nnen auch \u00fcber Umst\u00e4nde per E-Mail informiert werden, die f\u00fcr den Dienst oder die Registrierung relevant sind (Beispielsweise \u00c4nderungen des Newsletterangebots oder technische Gegebenheiten).<\/p><p>F\u00fcr eine wirksame Registrierung ben\u00f6tigen wir eine valide E-Mail-Adresse. Um zu \u00fcberpr\u00fcfen, dass eine Anmeldung tats\u00e4chlich durch den Inhaber einer E-Mail-Adresse erfolgt, setzen wir das \u201eDouble-opt-in\u201c-Verfahren ein. Hierzu protokollieren wir die Bestellung des Newsletters, den Versand einer Best\u00e4tigungsmail und den Eingang der hiermit angeforderten Antwort. Weitere Daten werden nicht erhoben. Die Daten werden ausschlie\u00dflich f\u00fcr den Newsletterversand verwendet und nicht an Dritte weitergegeben.<\/p><p>Die Einwilligung zur Speicherung Ihrer pers\u00f6nlichen Daten und ihrer Nutzung f\u00fcr den Newsletterversand k\u00f6nnen Sie jederzeit widerrufen. In jedem Newsletter findet sich dazu ein entsprechender Link. Au\u00dferdem k\u00f6nnen Sie sich jederzeit auch direkt auf dieser Webseite abmelden oder uns Ihren entsprechenden Wunsch \u00fcber die am Ende dieser Datenschutzhinweise angegebene Kontaktm\u00f6glichkeit mitteilen.<\/p><h5>Kontaktformular<\/h5><p>Treten Sie per E-Mail oder Kontaktformular mit uns in Kontakt, werden die von Ihnen gemachten Angaben zum Zwecke der Bearbeitung der Anfrage sowie f\u00fcr m\u00f6gliche Anschlussfragen gespeichert.<\/p><h5>L\u00f6schung bzw. Sperrung der Daten<\/h5><p>Wir halten uns an die Grunds\u00e4tze der Datenvermeidung und Datensparsamkeit. Wir speichern Ihre personenbezogenen Daten daher nur so lange, wie dies zur Erreichung der hier genannten Zwecke erforderlich ist oder wie es die vom Gesetzgeber vorgesehenen vielf\u00e4ltigen Speicherfristen vorsehen. Nach Fortfall des jeweiligen Zweckes bzw. Ablauf dieser Fristen werden die entsprechenden Daten routinem\u00e4\u00dfig und entsprechend den gesetzlichen Vorschriften gesperrt oder gel\u00f6scht.<\/p><h5>Verwendung von Piwik<\/h5><p>Diese Webseite benutzt Piwik, eine Open-Source-Software zur statistischen Auswertung von Besucherzugriffen. Piwik verwendet sog. \u201eCookies\u201c, Textdateien, die auf Ihrem Computer gespeichert werden und die eine Analyse der Benutzung der Website durch Sie erm\u00f6glichen.<br \/>Die durch den Cookie erzeugten Informationen \u00fcber Ihre Nutzung des Internetangebotes werden auf einem Server in Deutschland gespeichert.<br \/>Die IP-Adresse wird unmittelbar nach der Verarbeitung und vor deren Speicherung anonymisiert. Sie haben die M\u00f6glichkeit, die Installation der Cookies durch \u00c4nderung der Einstellung Ihrer Browser-Software zu verhindern. Wir weisen Sie darauf hin, dass bei entsprechender Einstellung eventuell nicht mehr alle Funktionen dieser Website zur Verf\u00fcgung stehen.<\/p><p>Sie k\u00f6nnen sich entscheiden, ob in Ihrem Browser ein eindeutiger Webanalyse-Cookie abgelegt werden darf, um dem Betreiber der Webseite die Erfassung und Analyse verschiedener statistischer Daten zu erm\u00f6glichen.<\/p><h5>Verwendung von Google Maps<\/h5><p>Diese Webseite verwendet Google Maps API, um geographische Informationen visuell darzustellen. Bei der Nutzung von Google Maps werden von Google auch Daten \u00fcber die Nutzung der Kartenfunktionen durch Besucher erhoben, verarbeitet und genutzt. N\u00e4here Informationen \u00fcber die Datenverarbeitung durch Google k\u00f6nnen Sie\u00a0<a href=\"https:\/\/web.archive.org\/web\/20230331070013\/http:\/www.google.com\/privacypolicy.html\">den Google-Datenschutzhinweisen<\/a>\u00a0entnehmen. Dort k\u00f6nnen Sie im Datenschutzcenter auch Ihre pers\u00f6nlichen Datenschutz-Einstellungen ver\u00e4ndern.<\/p><p>Ausf\u00fchrliche Anleitungen zur Verwaltung der eigenen Daten im Zusammenhang mit Google-Produkten<a href=\"https:\/\/web.archive.org\/web\/20230331070013\/http:\/www.dataliberation.org\/\">\u00a0finden Sie hier<\/a>.<\/p><h5>Eingebettete YouTube-Videos<\/h5><p>Auf einigen unserer Webseiten betten wir Youtube-Videos ein. Betreiber der entsprechenden Plugins ist die YouTube, LLC, 901 Cherry Ave., San Bruno, CA 94066, USA. Wenn Sie eine Seite mit dem YouTube-Plugin besuchen, wird eine Verbindung zu Servern von Youtube hergestellt. Dabei wird Youtube mitgeteilt, welche Seiten Sie besuchen. Wenn Sie in Ihrem Youtube-Account eingeloggt sind, kann Youtube Ihr Surfverhalten Ihnen pers\u00f6nlich zuzuordnen. Dies verhindern Sie, indem Sie sich vorher aus Ihrem Youtube-Account ausloggen.<\/p><p>Wird ein Youtube-Video gestartet, setzt der Anbieter Cookies ein, die Hinweise \u00fcber das Nutzerverhalten sammeln.<\/p><p>Wer das Speichern von Cookies f\u00fcr das Google-Ad-Programm deaktiviert hat, wird auch beim Anschauen von Youtube-Videos mit keinen solchen Cookies rechnen m\u00fcssen. Youtube legt aber auch in anderen Cookies nicht-personenbezogene Nutzungsinformationen ab. M\u00f6chten Sie dies verhindern, so m\u00fcssen Sie das Speichern von Cookies im Browser blockieren.<\/p><p>Weitere Informationen zum Datenschutz bei \u201eYoutube\u201c finden Sie in der Datenschutzerkl\u00e4rung des Anbieters unter:\u00a0<a href=\"https:\/\/web.archive.org\/web\/20230331070013\/https:\/www.google.de\/intl\/de\/policies\/privacy\/\">https:\/\/www.google.de\/intl\/de\/policies\/privacy\/<\/a><\/p><h5>Social Plugins<\/h5><p>Auf unseren Webseiten werden Social Plugins der unten aufgef\u00fchrten Anbieter eingesetzt. Die Plugins k\u00f6nnen Sie daran erkennen, dass sie mit dem entsprechenden Logo gekennzeichnet sind.<\/p><p>\u00dcber diese Plugins werden unter Umst\u00e4nden Informationen, zu denen auch personenbezogene Daten geh\u00f6ren k\u00f6nnen, an den Dienstebetreiber gesendet und ggf. von diesem genutzt. Wir verhindern die unbewusste und ungewollte Erfassung und \u00dcbertragung von Daten an den Diensteanbieter durch eine 2-Klick-L\u00f6sung. Um ein gew\u00fcnschtes Social Plugin zu aktivieren, muss dieses erst durch Klick auf den entsprechenden Schalter aktiviert werden. Erst durch diese Aktivierung des Plugins wird auch die Erfassung von Informationen und deren \u00dcbertragung an den Diensteanbieter ausgel\u00f6st. Wir erfassen selbst keine personenbezogenen Daten mittels der Social Plugins oder \u00fcber deren Nutzung.<\/p><p>Wir haben keinen Einfluss darauf, welche Daten ein aktiviertes Plugin erfasst und wie diese durch den Anbieter verwendet werden. Derzeit muss davon ausgegangen werden, dass eine direkte Verbindung zu den Diensten des Anbieters ausgebaut wird sowie mindestens die IP-Adresse und ger\u00e4tebezogene Informationen erfasst und genutzt werden. Ebenfalls besteht die M\u00f6glichkeit, dass die Diensteanbieter versuchen, Cookies auf dem verwendeten Rechner zu speichern. Welche konkreten Daten hierbei erfasst und wie diese genutzt werden, entnehmen Sie bitte den Datenschutzhinweisen des jeweiligen Diensteanbieters. Hinweis: Falls Sie zeitgleich bei Facebook angemeldet sind, kann Facebook Sie als Besucher einer bestimmten Seite identifizieren.<\/p><p>Wir haben auf unserer Website die Social-Media-Buttons folgender Unternehmen eingebunden:<\/p><p>Facebook Inc. (1601 S. California Ave \u2013 Palo Alto \u2013 CA 94304 \u2013 USA)<\/p><p><strong>bookingkit:<\/strong><\/p><p><em>Um unsere Angebote zu vertreiben, nutzen wir das Buchungssystem der bookingkit GmbH, Sonnenallee 233, 12059 Berlin (\u201ebookingkit\u201d). Wenn Sie eine Buchung auf unserer Seite aufgeben, erkl\u00e4ren Sie sich mit der Speicherung und Verarbeitung Ihrer personenbezogenen Daten durch bookingkit einverstanden. Ihre personenbezogenen Daten werden an bookingkit weitergeleitet und verarbeitet. Diese Speicherung und Verarbeitung der Daten erfolgt zum Zwecke der Unterst\u00fctzung und der Bearbeitung Ihrer Bestellungen, Ihrer Authentifizierung, der Abwicklung des Zahlungsverkehrs und der Verbesserung der Leistungen von bookingkit. N\u00e4here Informationen zu Nutzungsbedingungen und Datenschutz und die eventuelle Beauftragung Dritter zur Datenverarbeitung durch bookingkit finden Sie unter<a href=\"https:\/\/web.archive.org\/web\/20230331070013\/https:\/info.bookingkit.de\/dsgvo-wissenswerte-fuer-unsere-kunden\/clkn\/https\/bookingkit.net\/de\/datenschutzerklaerung\/\" target=\"_blank\" rel=\"noopener\">https:\/\/bookingkit.net\/de\/datenschutzerklaerung\/<\/a>.<\/em><\/p><p class=\"lplh-26\"><strong>PayPal:\u00a0<\/strong><\/p><p class=\"lplh-26\"><em>Der Dienst PayPal wird von der PayPal (Europe) S.\u00e0 r.l. et Cie, S.C.A., 22-24 Boulevard Royal, L-2449 Luxemburg bereitgestellt. Bei der Bezahlung mit PayPal werden Sie per Link auf die Webseite von PayPal weitergeleitet. F\u00fcr die Nutzung dieses Dienstes erhebt, speichert und verarbeitet PayPal Ihre personenbezogenen Daten wie Ihren Namen, Ihre Adresse, Ihre Telefonnummer und Ihre E-Mail-Adresse sowie Ihre Kreditkarten- oder Bankkontodaten. F\u00fcr den Schutz und den Umgang der von PayPal erhobenen Daten ist allein PayPal verantwortlich. Es gelten insofern die PayPal-Nutzungsbedingungen, die Sie unter\u00a0<a href=\"https:\/\/web.archive.org\/web\/20230331070013\/https:\/info.bookingkit.de\/dsgvo-wissenswerte-fuer-unsere-kunden\/clkn\/http\/www.paypal.com\/\">www.PayPal.com<\/a>\u00a0aufrufen k\u00f6nnen. Weitere Informationen zum Umgang mit Ihren Daten und\u00a0die eventuelle Beauftragung Dritter\u00a0finden Sie in der Datenschutzerkl\u00e4rung von PayPal, die unter dem folgenden Link abrufbar ist:\u00a0<a href=\"https:\/\/web.archive.org\/web\/20230331070013\/https:\/info.bookingkit.de\/dsgvo-wissenswerte-fuer-unsere-kunden\/clkn\/https\/www.paypal.com\/de\/webapps\/mpp\/ua\/privacy-full\">https:\/\/www.paypal.com\/de\/webapps\/mpp\/ua\/privacy-full<\/a><\/em><\/p><p class=\"lplh-26\"><strong>Mangopay:\u00a0<\/strong><\/p><p class=\"lplh-26\"><em>Dienstleistungen f\u00fcr die Zahlung per [Bank\u00fcberweisung, Kredit- und Debitkarten, SEPA Lastschrift, Sofort\u00fcberweisung, Giropay, iDeal und Przelewy24] werden durch die MANGOPAY S.A,\u00a0<a href=\"https:\/\/web.archive.org\/web\/20230331070013\/https:\/info.bookingkit.de\/dsgvo-wissenswerte-fuer-unsere-kunden\/clkn\/https\/maps.google.com\/?q=10+boulevard+Royal,+L-2449+Luxembourg&amp;entry=gmail&amp;source=g\">10 boulevard Royal, L-2449 Luxembourg<\/a>\u00a0erbracht.<\/em><i><br \/><em>F\u00fcr die Nutzung dieser Dienste erhebt, speichert und verarbeitet MANGOPAY personenbezogene Daten gem\u00e4\u00df der MANGOPAY Nutzungsbedingungen, und ist f\u00fcr den rechtm\u00e4\u00dfigen Umgang mit diesen verantwortlich. Weitere Informationen hierzu finden Sie in den Datenschutzrichtlinien von MANGOPAY unter<a href=\"https:\/\/web.archive.org\/web\/20230331070013\/https:\/info.bookingkit.de\/dsgvo-wissenswerte-fuer-unsere-kunden\/clkn\/https\/www.mangopay.com\/privacy?utm_source=Bestandskunden&amp;utm_campaign=28ad3192a7-EMAIL_CAMPAIGN_DSGVO_Kundeninfo&amp;utm_medium=email&amp;utm_term=0_774026e17d-28ad3192a7-200478213\" target=\"_blank\" rel=\"noopener\">https:\/\/www.mangopay.com\/privacy<\/a>\u00a0<\/em><\/i><\/p><p><strong>Einbindung von CentralPlanner \/ Reservierungsformular :<\/strong><\/p><p>Diese Website nutzt das Reservierungssystem\u00a0<a href=\"https:\/\/web.archive.org\/web\/20230331070013\/https:\/centralplanner.de\/\">CentralPlanner<\/a>\u00a0f\u00fcr die Speicherung und Verarbeitung Ihrer Kontaktaufnahme bei Reservierungsanfragen. Anbieter ist die 42he GmbH, Marktstra\u00dfe 10 \u2013 Geb\u00e4ude E8, 50968 K\u00f6ln, Deutschland (nachfolgend \u201e42he\u201c genannt). CentralPlanner ist ein Dienst, mit dem Reservierungen organisiert und Kunden betreut werden k\u00f6nnen. Die von Ihnen zum Zwecke der Kontaktaufnahme eingegeben Daten werden auf den Servern von CentralPlanner in Deutschland gespeichert.<\/p><p><strong>Datenanalyse durch CentralPlanner :<\/strong><\/p><p>Mit Hilfe von CentralPlanner ist es uns m\u00f6glich, die Anfragen \u00fcber unsere Webseite besser zu organisieren und schneller beantworten zu k\u00f6nnen.<\/p><p>\u00a0<\/p><p><strong>Rechtsgrundlage<\/strong><br \/>Die Datenverarbeitung erfolgt auf Grundlage Ihrer Einwilligung (Artikel 6 Absatz 1 Buchstabe a DSGVO).<\/p><p><strong>Ihre Rechte<\/strong><br \/>Sie haben gegen\u00fcber uns hinsichtlich der Sie betreffenden personenbezogenen Daten die folgenden Rechte:<\/p><p>\u2022 Recht auf Auskunft<br \/>\u2022 Recht auf Berichtigung oder L\u00f6schung<br \/>\u2022 Recht auf Einschr\u00e4nkung der Verarbeitung<br \/>\u2022 Recht auf Widerspruch gegen die Verarbeitung<br \/>\u2022 Recht auf Daten\u00fcbertragbarkeit<\/p><p>Sie haben zudem das Recht, sich bei einer Datenschutz-Aufsichtsbeh\u00f6rde \u00fcber die Verarbeitung Ihrer personenbezogenen Daten durch uns zu beschweren.<\/p><p><strong>Widerspruch zur Datenverarbeitung<\/strong><br \/>Selbstverst\u00e4ndlich k\u00f6nnen Sie uns gegen\u00fcber der Verarbeitung Ihrer personenbezogenen Daten jederzeit widersprechen. \u00dcber Ihren Widerspruch k\u00f6nnen Sie uns unter folgenden Kontaktdaten informieren:<\/p><p>\u2014 [Bitte hier alle Ihre Kontaktdaten einf\u00fcgen \u2013 Name, Anschrift, E-Mail, Telefon, Fax]. \u2014<\/p><p><strong>Speicherdauer<\/strong><br \/>Die von Ihnen zum Zwecke der Kontaktaufnahme bei 42he hinterlegten Daten werden von 42he so lange gespeichert, bis diese von uns gel\u00f6scht werden.<br \/>N\u00e4heres entnehmen Sie den Datenschutzbestimmungen von CentralPlanner unter: <a href=\"https:\/\/centralplanner.net\/www\/privacy\">https:\/\/centralplanner.net\/www\/privacy<\/a>.<\/p><p><strong>Abschluss eines Vertrags \u00fcber Auftragsdatenverarbeitung<\/strong><br \/>Wir haben mit CentralPlanner einen Vertrag abgeschlossen, in dem wir CentralPlanner verpflichten, die Daten unserer Kunden zu sch\u00fctzen und sie nicht an Dritte weiterzugeben. Dieser Vertrag kann unter folgendem Link eingesehen werden:<br \/><a href=\"https:\/\/centralplanner.de\/avv\">https:\/\/centralplanner.de\/avv<\/a><\/p><h5><strong>Ihre Rechte auf Auskunft, Berichtigung, Sperre, L\u00f6schung und Widerspruch<\/strong><\/h5><p>Sie haben das Recht, jederzeit Auskunft \u00fcber Ihre bei uns gespeicherten personenbezogenen Daten zu erhalten. Ebenso haben Sie das Recht auf Berichtigung, Sperrung oder, abgesehen von der vorgeschriebenen Datenspeicherung zur Gesch\u00e4ftsabwicklung, L\u00f6schung Ihrer personenbezogenen Daten. Bitte wenden Sie sich dazu an unseren Datenschutzbeauftragten. Die Kontaktdaten finden Sie ganz unten.<\/p><p>Damit eine Sperre von Daten jederzeit ber\u00fccksichtigt werden kann, m\u00fcssen diese Daten zu Kontrollzwecken in einer Sperrdatei vorgehalten werden. Sie k\u00f6nnen auch die L\u00f6schung der Daten verlangen, soweit keine gesetzliche Archivierungsverpflichtung besteht. Soweit eine solche Verpflichtung besteht, sperren wir Ihre Daten auf Wunsch.<\/p><p>Sie k\u00f6nnen \u00c4nderungen oder den Widerruf einer Einwilligung durch entsprechende Mitteilung an uns mit Wirkung f\u00fcr die Zukunft vornehmen.<\/p><h5><strong>\u00c4nderung unserer Datenschutzbestimmungen<\/strong><\/h5><p>Wir behalten uns vor, diese Datenschutzerkl\u00e4rung gelegentlich anzupassen, damit sie stets den aktuellen rechtlichen Anforderungen entspricht oder um \u00c4nderungen unserer Leistungen in der Datenschutzerkl\u00e4rung umzusetzen, z. B. bei der Einf\u00fchrung neuer Services. F\u00fcr Ihren erneuten Besuch gilt dann die neue Datenschutzerkl\u00e4rung.<\/p><p>Wenn Sie Fragen zum Datenschutz haben, schreiben Sie uns bitte eine E-Mail : <a href=\"mailto:info@lasertag-landau.de\">info@lasertag-landau.de<\/a><\/p><p><em>Die Datenschutzerkl\u00e4rung wurde mit dem\u00a0<\/em><a href=\"https:\/\/web.archive.org\/web\/20230331070013\/https:\/www.activemind.de\/datenschutz\/datenschutzhinweis-generator\/\"><em>Datenschutzerkl\u00e4rungs-Generator der activeMind AG erstellt und erg\u00e4nzt.<\/em><\/a><\/p>\t\t\t\t\t\t\t\t<\/div>\n\t\t\t\t<\/div>\n\t\t\t\t\t<\/div>\n\t\t\t\t<\/div>\n\t\t\t\t<\/div>\n\t\t","protected":false},"excerpt":{"rendered":"<p>Datenschutzerkl\u00e4rung Anbieter und verantwortliche Stelle im Sinne des Datenschutzgesetzes Lasertag Landau GmbH &amp; Co.KGRoland KrakehlKarl-Ziegler-Stra\u00dfe 476829\u00a0Landau Erfassung allgemeiner Informationen Wenn Sie auf unsere Webseite zugreifen, werden automatisch Informationen allgemeiner Natur erfasst. Diese Informationen (Server-Logfiles) beinhalten etwa die Art des Webbrowsers, das verwendete Betriebssystem, den Domainnamen Ihres Internet Service Providers und \u00c4hnliches. Hierbei handelt es sich [&hellip;]<\/p>\n","protected":false},"author":2,"featured_media":0,"parent":0,"menu_order":0,"comment_status":"closed","ping_status":"closed","template":"elementor_header_footer","meta":{"footnotes":""},"_links":{"self":[{"href":"https:\/\/lasertag-landau.de\/index.php?rest_route=\/wp\/v2\/pages\/391"}],"collection":[{"href":"https:\/\/lasertag-landau.de\/index.php?rest_route=\/wp\/v2\/pages"}],"about":[{"href":"https:\/\/lasertag-landau.de\/index.php?rest_route=\/wp\/v2\/types\/page"}],"author":[{"embeddable":true,"href":"https:\/\/lasertag-landau.de\/index.php?rest_route=\/wp\/v2\/users\/2"}],"replies":[{"embeddable":true,"href":"https:\/\/lasertag-landau.de\/index.php?rest_route=%2Fwp%2Fv2%2Fcomments&post=391"}],"version-history":[{"count":5,"href":"https:\/\/lasertag-landau.de\/index.php?rest_route=\/wp\/v2\/pages\/391\/revisions"}],"predecessor-version":[{"id":410,"href":"https:\/\/lasertag-landau.de\/index.php?rest_route=\/wp\/v2\/pages\/391\/revisions\/410"}],"wp:attachment":[{"href":"https:\/\/lasertag-landau.de\/index.php?rest_route=%2Fwp%2Fv2%2Fmedia&parent=391"}],"curies":[{"name":"wp","href":"https:\/\/api.w.org\/{rel}","templated":true}]}}